{"id":264,"date":"2018-10-23T08:04:01","date_gmt":"2018-10-23T08:04:01","guid":{"rendered":"https:\/\/futuriodemos.com\/default-demo\/?page_id=31"},"modified":"2021-09-01T11:10:00","modified_gmt":"2021-09-01T11:10:00","slug":"home","status":"publish","type":"page","link":"https:\/\/psychotherapie-lebert.de\/","title":{"rendered":"Home"},"content":{"rendered":"<h2>\n<p style=\"text-align: center;\"><strong>Heilpraktikerin f\u00fcr Psychotherapie<\/strong><\/p>\n<\/h2>\n<h2 data-speed=\"86\" data-delay=\"800\" data-loop=\"1\">\n\t\t\t\t\t\t\tGABRIELE LEBERT<\/h2>\n<p><a href=\"#persoenliches\" role=\"button\"><br \/>\nPers\u00f6nliches<br \/>\n<\/a><br \/>\n<a href=\"#Lb\" role=\"button\" id=\"#\u00dcb\"><br \/>\nEntdecken<br \/>\n<\/a><\/p>\n<h2>Leistungen<\/h2>\n<p>Was ich Ihnen anbieten kann<\/p>\n<figure><img src=\"http:\/\/psychotherapie-lebert.de\/wp-content\/uploads\/2020\/03\/mental-health-2313428-1-720x405.png\" alt=\"\" loading=\"lazy\" srcset=\"http:\/\/psychotherapie-lebert.de\/wp-content\/uploads\/2020\/03\/mental-health-2313428-1-720x405.png 720w, http:\/\/psychotherapie-lebert.de\/wp-content\/uploads\/2020\/03\/mental-health-2313428-1-1140x641.png 1140w\" sizes=\"(max-width: 720px) 100vw, 720px\" width=\"720\" height=\"405\"><\/figure>\n<h3>Verhaltenstherapie<\/h3>\n<p>Wichtig ist mir eine respektvolle, wertsch\u00e4tzende und empathische Zusammenarbeit mit meinem Klienten. Grundvorraussetzung f\u00fcr eine erfolgreiche Therapie ist, dass sich der Klient w\u00e4hrend den Sitzungen vollkommen verstanden und gut aufgehoben f\u00fchlt. Nach jedem Termin sollte er das Gef\u00fchl haben, durch die Therapie mehr Kraft, Freude und durch neugewonnene Sichtweisen mehr Lebensqualit\u00e4t zu erhalten.<\/p>\n<figure><img src=\"http:\/\/psychotherapie-lebert.de\/wp-content\/uploads\/2020\/03\/living-room-2155376_1920-720x405.jpg\" alt=\"\" loading=\"lazy\" srcset=\"http:\/\/psychotherapie-lebert.de\/wp-content\/uploads\/2020\/03\/living-room-2155376_1920-720x405.jpg 720w, http:\/\/psychotherapie-lebert.de\/wp-content\/uploads\/2020\/03\/living-room-2155376_1920-1140x641.jpg 1140w\" sizes=\"(max-width: 720px) 100vw, 720px\" width=\"720\" height=\"405\"><\/figure>\n<h3>Gespr\u00e4chstherapie<\/h3>\n<p>Als Heilpraktikerin f\u00fcr Psychotherapie, oder auch als psychologische Beraterin, bringe ich einen Ver\u00e4nderungsprozess in Gang und baue eine hilfreiche Beziehung zu Ihnen auf, um Ziele zu vereinbaren.<br \/>\nDurch meine Beratung werden Sie in die Lage versetzt, ihr soziales Umfeld besser zu verstehen. Sie erhalten die M\u00f6glichkeit, individuelle soziale und pers\u00f6nliche F\u00e4higkeiten und Ressourcen zu entdecken, sie weiterzuentwickeln und sicher anzuwenden. Meine Praxis ist barriererfei und ist somit auch f\u00fcr Rollstuhlfahrer zug\u00e4nglich.<\/p>\n<figure><img src=\"http:\/\/psychotherapie-lebert.de\/wp-content\/uploads\/2020\/03\/cat-4189697_1920-720x405.jpg\" alt=\"\" loading=\"lazy\" srcset=\"http:\/\/psychotherapie-lebert.de\/wp-content\/uploads\/2020\/03\/cat-4189697_1920-720x405.jpg 720w, http:\/\/psychotherapie-lebert.de\/wp-content\/uploads\/2020\/03\/cat-4189697_1920-1140x641.jpg 1140w\" sizes=\"(max-width: 720px) 100vw, 720px\" width=\"720\" height=\"405\"><\/figure>\n<h3>Hypnose<\/h3>\n<p>Was ist Hypnose?<br \/>\nDie Hypnose ist ein vor\u00fcbergehender Zustand ver\u00e4nderter Aufmerksamkeit beim Klienten. Dieser wird in einen schlaf\u00e4hnlichen Zustand versetzt um einen ver\u00e4nderten Bewusstseinszustand hervorzurufen. Mithilfe von positiven Formulierungen k\u00f6nnen effektiv neue Denkweisen und Muster im Unterbewusstsein verankert werden. Die vereinbarten Suggestionen tragen dazu bei, unerw\u00fcnschte Denk- und Verhaltensweisen wie z.B. \u00c4ngste dauerhaft zum Positiven zu ver\u00e4ndern.<\/p>\n<h2>Schwerpunkte bei denen ich professionell unterst\u00fctzen kann<\/h2>\n<p><strong>Allgemein<\/strong>&nbsp;&nbsp;<\/p>\n<ul>\n<li style=\"text-align: left;\">Krisenbew\u00e4ltigung<\/li>\n<li>Pr\u00e4ventionsma\u00dfnahmen f\u00fcr psychisch Rehabilitierte (gegebenenfalls in Kooperation mit Therapeuten und \u00c4rzten)<\/li>\n<li>Entscheidungsfindung<\/li>\n<li>Probleml\u00f6sung&nbsp;<\/li>\n<\/ul>\n<p><strong>Familie und Partnerschaft<\/strong>&nbsp;<strong>&nbsp;<\/strong>&nbsp;<\/p>\n<ul>\n<li>Famili\u00e4re und partnerschaftliche Konflikte<\/li>\n<li>Bew\u00e4ltigung von Schicksalsschl\u00e4gen, Trennung und Verlusten<\/li>\n<\/ul>\n<p><strong>Beruf<\/strong>&nbsp;<\/p>\n<ul>\n<li>Orientierung in neuen Lebensabschnitten (\u00dcbergang ins Berufsleben, Arbeitsplatzverlust, Ruhestand, Anpassungsprobleme etc.)<\/li>\n<li>Work-Life-Balance&nbsp;<\/li>\n<\/ul>\n<p><strong>Pers\u00f6nlichkeitsentwicklung<\/strong>&nbsp;<\/p>\n<ul>\n<li>Selbstfindung (Innere Balance, Selbstliebe, Selbstbewusstsein etc.)<\/li>\n<li>Verbesserung der allgemeinen Beziehungsf\u00e4higkeit<\/li>\n<\/ul>\n<h2>Die St\u00f6rungsbilder<\/h2>\n<h3>Angstzust\u00e4nde und Phobien<\/h3>\n<p>sind erlebte Gef\u00fchlszust\u00e4nde der Bedrohung und Gefahr. Hierzu z\u00e4hlen z.B. Flugangst, Pr\u00fcfungsangst und Panikattacken.<\/p>\n<h3>Depressionen<\/h3>\n<p>Betroffene ziehen sich zur\u00fcck und empfinden keine Lebensfreude. Die Bew\u00e4ltigung des Alltags wird zur Herausforderung. Symptome sind z.B. Antriebslosigkeit, Niedergeschlagenheit und Schlaflosigkeit.<\/p>\n<h3>Zwangserkrankungen<\/h3>\n<p>Ich &#8211; fremde Gedanken oder Handlungen dr\u00e4ngen sich immer wieder auf. Sie k\u00f6nnen nicht unterdr\u00fcckt oder verdr\u00e4ngt werden. Sie erzeugen Angst und Unbehagen und Betroffene stehen unter gro\u00dfen Leidensdruck.<\/p>\n<h3>Essst\u00f6rungen<\/h3>\n<p>Die Ursachen k\u00f6nnen genetisch, psychisch oder metabolisch sein. Zu den Essst\u00f6rungen geh\u00f6ren u.a. Bulimie, Anorexie und Adipositas. Verhaltens- oder Gespr\u00e4chstherapie k\u00f6nnen hier Linderung verschaffen.<\/p>\n<p><img src=\"http:\/\/psychotherapie-lebert.de\/wp-content\/uploads\/2020\/03\/depression-2912424-768x510.jpg\" alt=\"\" loading=\"lazy\" srcset=\"http:\/\/psychotherapie-lebert.de\/wp-content\/uploads\/2020\/03\/depression-2912424-768x510.jpg 768w, http:\/\/psychotherapie-lebert.de\/wp-content\/uploads\/2020\/03\/depression-2912424-300x199.jpg 300w, http:\/\/psychotherapie-lebert.de\/wp-content\/uploads\/2020\/03\/depression-2912424-1024x680.jpg 1024w, http:\/\/psychotherapie-lebert.de\/wp-content\/uploads\/2020\/03\/depression-2912424.jpg 1920w\" sizes=\"(max-width: 768px) 100vw, 768px\" width=\"768\" height=\"510\"><\/p>\n<h3>Suchterkrankungen<\/h3>\n<p>Treten in vielen verschiedenen Formen auf, z.B. Alkoholsucht, Drogensucht, Spielsucht, Kaufsucht oder Internetsucht. In der Therapie sind verst\u00e4ndnisvolle aber konsequente Verhaltensregeln notwendig.<\/p>\n<h3>Stresserkrankungen<\/h3>\n<p>Forschungsergebnisse zeigen, dass chronischer Stress die Hauptursache einer gro\u00dfen Zahl von Zivilisationskrankheiten sein kann &#8211; Burnout oder Depression sind keine seltene Folge. Gespr\u00e4chs- und Entspannungstherapie verschaffen hier effektive Linderung.<\/p>\n<h3>Pers\u00f6nlichkeitsst\u00f6rungen<\/h3>\n<p>Jeder Mensch hat unterschiedliche Pers\u00f6nlichkeitsmerkmale. Wenn diese so ausgepr\u00e4gt sind, dass sie f\u00fcr den Betroffenen Leidensdruck hervorrufen, spricht man von Pers\u00f6nlichkeitsst\u00f6rungen. Therapiem\u00f6glichkeiten sind Verhaltens- und Gespr\u00e4chstherapie.<\/p>\n<h3>Trauma<\/h3>\n<p>bedeutet Verletzung der Seele. Traumata entstehen durch akute Belastung, Krisensituationen oder traumatisierende Ereignisse. Wenn die Verarbeitung eines Traumas nicht gelingt, kann es zur Ausbildung von intensiven psychischen und k\u00f6rperlichen Leiden kommen.<\/p>\n<p><a href=\"#contact\" target=\"_blank\" role=\"button\" rel=\"noopener\"><br \/>\nKontakt<br \/>\n<\/a><\/p>\n<h2>Wie kann ich Ihnen helfen?<\/h2>\n<p>Frische Ideen. Nachhaltige Ergebnisse.<\/p>\n<p><a href=\"#Beratung\" role=\"button\"><br \/>\nPsychologische Beratung<br \/>\n<\/a><br \/>\n<a href=\"#Therapie\" role=\"button\"><br \/>\nPsychotherapie\/ Intervention<br \/>\n<\/a><\/p>\n<h3>Psychologische Beratung<\/p>\n<p>Was ist das?<\/h3>\n<p>F\u00fchlen sie sich orientierungs- und rastlos, meist auch \u00fcberfordert oder mit einem un\u00fcberwindbar erscheinenden Hindernis konfrontiert?<\/p>\n<p>Sie f\u00fchlen sich dennoch psychisch gesund und empfinden ihre Situation durchaus als ver\u00e4nderbar und l\u00f6sbar, auch wenn das subjektive Leidensempfinden als erheblich eingestuft wird.<\/p>\n<p>Ihr Empfinden kann dazu f\u00fchren, dass es einen individuellen Krankheitswert erreicht, wobei keine psychische St\u00f6rung vorliegen muss.<\/p>\n<p>Es ist l\u00e4ngst kein Geheimnis mehr, dass unbearbeitete Konflikte wie:<\/p>\n<ul>\n<li>st\u00e4ndige berufliche und famili\u00e4re \u00dcberlastung<\/li>\n<li>langandauernde und kr\u00e4ftezehrende Beziehungskrisen<\/li>\n<li>mangelnde Bew\u00e4ltigungsstrategien<\/li>\n<\/ul>\n<p>in echten physischen Erkrankungen m\u00fcnden, k\u00f6rperliche Beschwerden f\u00f6rdern oder sogar verursachen und die Genesung der Betroffenen verz\u00f6gern oder stark beeintr\u00e4chtigen k\u00f6nnen.<\/p>\n<p><strong>Was ist Psychotherapie?<\/strong><\/p>\n<p><strong>Psychotherapie<\/strong>&nbsp;ist eine Heilbehandlung f\u00fcr Leidenszust\u00e4nde mit &#8220;Krankheitswert&#8221;. Die Psychotherapie zielt auf die Behandlung tiefliegender psychischer Ver\u00e4nderungen ab und ist eine auf St\u00f6rungen mit Krankheitswert orientierte Heilbehandlung.<\/p>\n<p>Die <strong>Therapiekosten<\/strong> werden dementsprechend bei Beantragung von vielen Krankenkassen \u00fcbernommen.<\/p>\n<p>Der Zugang zur Therapie erfolgt \u00fcber ein <strong>Gutachten zur Therapiebed\u00fcrftigkeit<\/strong>, welches von der Krankenkasse genehmigt werden muss. Psychotherapeuten arbeiten meistens auch enger mit \u00c4rzten bzw. Psychiatern zusammen.<\/p>\n<h2>Interventionen<\/h2>\n<p>Die<strong> Interventionen<\/strong> sind bei Beratung und Therapie sehr \u00e4hnlich. So greifen bekannte Therapie- und Beratungsformen zum Beispiel auf das psychoanalytische oder das personenzentrierte\/klientenzentrierte Konzept zur\u00fcck.<\/p>\n<p>Sie als Klient \/ Klientin stehen dabei stets im <strong>Mittelpunkt<\/strong>. Sowohl Beratung als auch Psychotherapie verfahren nach den selben grundlegenden Methoden, welche darauf ausgelegt sind, Ihnen als Klient\/Klientin bei der \u00c4nderung Ihrer Einstellungen und Ihres Verhaltens zu helfen.<\/p>\n<p>Bei <strong>Beratung<\/strong> wie bei Psychotherapie handelt es sich um eine <strong>professionelle<\/strong> Helferbeziehung (staatlich anerkannt). Und als Professionen brauchen Psychotherapie und Beratung eine berufliche Organisation, die Ausbildungskriterien und Standesregeln sowie deren Kontrolle garantieren.&nbsp;<\/p>\n<h3>\n\t\t\t\t\tHonorar<\/h3>\n<p>Erstgespr\u00e4ch \u00e1 90 Minuten:<br \/>\n90,-<br \/>\nEinzelgespr\u00e4ch \u00e1 60 Minuten:<br \/>\n60,-<br \/>\nOnlineberatung \u00e1 60 Minuten: 45,-<\/p>\n<h3>\n\t\t\t\t\tDauer des Beratungsprozesses<\/h3>\n<p>So kurz wie m\u00f6glich und so lange wie n\u00f6tig. Die Anzahl der Termine ist individuell. Bew\u00e4hrt hat sich hier ein zweiw\u00f6chiger Rhythmus, da die Zeit zwischen den Sitzungen f\u00fcr den Entwicklungsprozess wesentlich ist. Je nach Anliegen ist auch eine l\u00e4ngere Begleitung und in gr\u00f6\u00dferen Zeitintervallen m\u00f6glich.<\/p>\n<h3>\n\t\t\t\t\tSchweigepflicht<\/h3>\n<p>Ich unterliege der Schweigepflicht nach \u00a7 203 StGB. Es versteht sich von selbst, dass Ihre s\u00e4mtlichen Daten und Informationen von mir streng vertraulich behandelt werden.<\/p>\n<h2>Termine<\/h2>\n<p><strong>Terminvereinbarung<\/strong><\/p>\n<p>Termine von Montag bis Freitag sind nach vorheriger Absprache m\u00f6glich.<br \/>\nIn der Regel erhalten Sie kurzfristig einen Termin. Telefonberatungen sind jederzeit m\u00f6glich, jedoch nur nach vorheriger Absprache.<\/p>\n<p><strong>Terminabsagen&nbsp;<\/strong>Beratungstermine sind fix, starten und enden zu der vereinbarten Zeit und sind ab 24 Std. vor Beginn verbindlich. Termine, die kurzfristig oder gar nicht abgesagt wurden, werden in Rechnung gestellt<\/p>\n<p><strong>Kosten\u00fcbernahme durch die Krankenkassen<\/strong><\/p>\n<p>Derzeit \u00fcbernehmen die gesetzlichen Krankenkassen die Kosten f\u00fcr eine psychologische Beratung nicht. Daher arbeite ich ausschlie\u00dflich mit Selbstzahlern. Die Kosten k\u00f6nnen Sie in einigen F\u00e4llen als au\u00dfergew\u00f6hnliche Belastung steuerlich absetzen.<\/p>\n<h2>PERS\u00d6NLICHES<\/h2>\n<p><img src=\"http:\/\/psychotherapie-lebert.de\/wp-content\/uploads\/elementor\/thumbs\/Gabi-Lebert-e1616406899891-p4l5mf46bd520ogd4p0jd8jhyt518r3d51sclnp5zo.jpg\" title=\"Gabi Lebert\" alt=\"Gabi Lebert\"><\/p>\n<p>Mein Name ist Gabi Lebert.<\/p>\n<p>Zu meinen Ausbildungen geh\u00f6ren: Ausbildung zur B\u00fcrokauffrau mit langj\u00e4hriger Berufserfahrung<\/p>\n<p>Ausbildung zur Heilpraktikerin f\u00fcr Psychotherapie und zus\u00e4tzlich Hypnose, Farbtherapie und Reinkarnationstherapie<\/p>\n<p>Meine therapeutische Arbeit besteht darin, Menschen zu motivieren, sie zu st\u00e4rken, zu unterst\u00fctzen und schnelle L\u00f6sungen f\u00fcr belastende Lebenssituationen zu finden. Au\u00dfer den traditionellen Therapieformen wie Verhaltens- oder Gespr\u00e4chstherapie biete ich auch Coaching, Hypnose und therapeutische Lebensberatung an.<\/p>\n<p><iframe scrolling=\"no\" marginheight=\"0\" marginwidth=\"0\" src=\"https:\/\/maps.google.com\/maps?q=Mechenharder%20Stra%C3%9Fe%2048%2C%2063820&amp;t=m&amp;z=15&amp;output=embed&amp;iwloc=near\" title=\"Mechenharder Stra\u00dfe 48, 63820\" aria-label=\"Mechenharder Stra\u00dfe 48, 63820\" frameborder=\"0\"><\/iframe><\/p>\n<h4>Finden Sie Mich<\/h4>\n<p>Wo?<\/p>\n<p>Mechenharder Str. 48<br \/>\n63820 Elsenfeld \/ R\u00fcck<\/p>\n<p><b>Wann<\/b>?<\/p>\n<p>Sprechzeiten FR 09.00 &#8211; 17.00 Uhr<\/p>\n<p>Termine nur nach Vereinbarung<\/p>\n<p>Kontakt<\/p>\n<ul>\n<li>\n\t\t\t\t\t\t\t\t\t\tinfo@psychotherapie-lebert.de<\/li>\n<li>\n\t\t\t\t\t\t\t\t\t\t+49 6022 614561<\/li>\n<\/ul>\n","protected":false},"excerpt":{"rendered":"<p>Heilpraktikerin f\u00fcr Psychotherapie GABRIELE LEBERT Pers\u00f6nliches Entdecken Leistungen Was ich Ihnen anbieten kann Verhaltenstherapie Wichtig ist mir eine respektvolle, wertsch\u00e4tzende und empathische Zusammenarbeit mit meinem Klienten. Grundvorraussetzung f\u00fcr eine erfolgreiche Therapie ist, dass sich der Klient w\u00e4hrend den Sitzungen vollkommen verstanden und gut aufgehoben f\u00fchlt. Nach jedem Termin sollte er das Gef\u00fchl haben, durch die&hellip;<\/p>\n","protected":false},"author":1,"featured_media":0,"parent":0,"menu_order":0,"comment_status":"closed","ping_status":"closed","template":"","meta":{"_monsterinsights_skip_tracking":false,"_monsterinsights_sitenote_active":false,"_monsterinsights_sitenote_note":"","_monsterinsights_sitenote_category":0},"_links":{"self":[{"href":"https:\/\/psychotherapie-lebert.de\/index.php?rest_route=\/wp\/v2\/pages\/264"}],"collection":[{"href":"https:\/\/psychotherapie-lebert.de\/index.php?rest_route=\/wp\/v2\/pages"}],"about":[{"href":"https:\/\/psychotherapie-lebert.de\/index.php?rest_route=\/wp\/v2\/types\/page"}],"author":[{"embeddable":true,"href":"https:\/\/psychotherapie-lebert.de\/index.php?rest_route=\/wp\/v2\/users\/1"}],"replies":[{"embeddable":true,"href":"https:\/\/psychotherapie-lebert.de\/index.php?rest_route=%2Fwp%2Fv2%2Fcomments&post=264"}],"version-history":[{"count":506,"href":"https:\/\/psychotherapie-lebert.de\/index.php?rest_route=\/wp\/v2\/pages\/264\/revisions"}],"predecessor-version":[{"id":956,"href":"https:\/\/psychotherapie-lebert.de\/index.php?rest_route=\/wp\/v2\/pages\/264\/revisions\/956"}],"wp:attachment":[{"href":"https:\/\/psychotherapie-lebert.de\/index.php?rest_route=%2Fwp%2Fv2%2Fmedia&parent=264"}],"curies":[{"name":"wp","href":"https:\/\/api.w.org\/{rel}","templated":true}]}}